{"id":665,"date":"2020-07-22T16:49:35","date_gmt":"2020-07-22T14:49:35","guid":{"rendered":"http:\/\/agri-developpement.com\/?page_id=665"},"modified":"2020-07-30T15:20:58","modified_gmt":"2020-07-30T13:20:58","slug":"conseil-gestion-transaction-et-cession","status":"publish","type":"page","link":"http:\/\/agri-developpement.com\/index.php\/prestations\/conseil-gestion-transaction-et-cession\/","title":{"rendered":"Conseil, gestion, transaction et cession"},"content":{"rendered":"<div data-colibri-id=\"665-c1\" class=\"style-460 style-local-665-c1 position-relative\">\n  <!----><\/p>\n<div data-colibri-component=\"section\" data-colibri-id=\"665-c2\" id=\"about\" class=\"h-section h-section-global-spacing d-flex align-items-lg-center align-items-md-center align-items-center style-461 style-local-665-c2 position-relative\">\n    <!----><br \/>\n    <!----><\/p>\n<div class=\"h-section-grid-container h-section-boxed-container\">\n<div data-colibri-id=\"665-c7\" class=\"h-row-container gutters-row-lg-2 gutters-row-md-2 gutters-row-2 gutters-row-v-lg-2 gutters-row-v-md-2 gutters-row-v-2 style-466 style-local-665-c7 position-relative\">\n        <!----><\/p>\n<div class=\"h-row justify-content-lg-center justify-content-md-center justify-content-center align-items-lg-stretch align-items-md-stretch align-items-stretch gutters-col-lg-2 gutters-col-md-2 gutters-col-2 gutters-col-v-lg-2 gutters-col-v-md-2 gutters-col-v-2\">\n          <!----><\/p>\n<div class=\"h-column h-column-container d-flex h-col-lg-auto h-col-md-auto h-col-auto style-467-outer style-local-665-c8-outer\">\n<div data-colibri-id=\"665-c8\" class=\"d-flex h-flex-basis h-column__inner h-px-lg-2 h-px-md-2 h-px-2 v-inner-lg-2 v-inner-md-2 v-inner-2 style-467 style-local-665-c8 position-relative\">\n              <!----><br \/>\n              <!----><\/p>\n<div class=\"w-100 h-y-container h-column__content h-column__v-align flex-basis-100 align-self-lg-start align-self-md-start align-self-start\">\n                <!----><\/p>\n<div data-colibri-id=\"665-c10\" class=\"h-global-transition-all h-heading style-469 style-local-665-c10 position-relative h-element\">\n                  <!----><\/p>\n<div class=\"h-heading__outer style-469 style-local-665-c10\">\n                    <!----><br \/>\n                    <!----><\/p>\n<h2 class=\"\">Gestion &#8211; Transaction d&rsquo;actif<\/h2>\n<\/p><\/div>\n<\/p><\/div>\n<\/p><\/div>\n<\/p><\/div>\n<\/p><\/div>\n<\/p><\/div>\n<\/p><\/div>\n<div data-colibri-id=\"665-c3\" class=\"h-row-container gutters-row-lg-0 gutters-row-md-0 gutters-row-0 gutters-row-v-lg-0 gutters-row-v-md-0 gutters-row-v-0 style-462 style-local-665-c3 h-overflow-hidden position-relative\">\n        <!----><\/p>\n<div class=\"h-row justify-content-lg-center justify-content-md-center justify-content-center align-items-lg-end align-items-md-end align-items-end gutters-col-lg-0 gutters-col-md-0 gutters-col-0 gutters-col-v-lg-0 gutters-col-v-md-0 gutters-col-v-0\">\n          <!----><\/p>\n<div class=\"h-column h-column-container d-flex h-col-lg-auto h-col-md-auto h-col-auto align-self-lg-end align-self-md-end align-self-end style-463-outer style-local-665-c4-outer\">\n<div data-colibri-id=\"665-c4\" class=\"d-flex h-flex-basis h-column__inner h-ui-empty-state-container h-px-lg-0 h-px-md-0 h-px-0 v-inner-lg-0 v-inner-md-0 v-inner-0 style-463 style-local-665-c4 position-relative\">\n              <!----><br \/>\n              <!----><\/p>\n<div class=\"w-100 h-y-container h-column__content h-column__v-align flex-basis-100\">\n                <!---->\n              <\/div>\n<\/p><\/div>\n<\/p><\/div>\n<div class=\"h-column h-column-container d-flex h-col-lg-auto h-col-md-auto h-col-auto align-self-lg-end align-self-md-end align-self-end style-464-outer style-local-665-c5-outer\">\n<div data-colibri-id=\"665-c5\" class=\"d-flex h-flex-basis h-column__inner h-ui-empty-state-container h-px-lg-0 h-px-md-0 h-px-0 v-inner-lg-0 v-inner-md-0 v-inner-0 style-464 style-local-665-c5 position-relative\">\n              <!----><br \/>\n              <!----><\/p>\n<div class=\"w-100 h-y-container h-column__content h-column__v-align flex-basis-100\">\n                <!---->\n              <\/div>\n<\/p><\/div>\n<\/p><\/div>\n<div class=\"h-column h-column-container d-flex h-col-lg-auto h-col-md-auto h-col-auto align-self-lg-end align-self-md-end align-self-end style-465-outer style-local-665-c6-outer\">\n<div data-colibri-id=\"665-c6\" class=\"d-flex h-flex-basis h-column__inner h-ui-empty-state-container h-px-lg-0 h-px-md-0 h-px-0 v-inner-lg-0 v-inner-md-0 v-inner-0 style-465 style-local-665-c6 position-relative\">\n              <!----><br \/>\n              <!----><\/p>\n<div class=\"w-100 h-y-container h-column__content h-column__v-align flex-basis-100\">\n                <!---->\n              <\/div>\n<\/p><\/div>\n<\/p><\/div>\n<\/p><\/div>\n<\/p><\/div>\n<\/p><\/div>\n<\/p><\/div>\n<div data-colibri-component=\"section\" data-colibri-id=\"665-c14\" id=\"features\" class=\"h-section h-section-global-spacing d-flex align-items-lg-center align-items-md-center align-items-center style-473 style-local-665-c14 position-relative\">\n    <!----><br \/>\n    <!----><\/p>\n<div class=\"h-section-grid-container h-section-boxed-container\">\n<div data-colibri-id=\"665-c28\" class=\"h-row-container gutters-row-lg-2 gutters-row-md-2 gutters-row-0 gutters-row-v-lg-2 gutters-row-v-md-2 gutters-row-v-2 style-478 style-local-665-c28 position-relative\">\n        <!----><\/p>\n<div class=\"h-row justify-content-lg-center justify-content-md-center justify-content-center align-items-lg-stretch align-items-md-stretch align-items-stretch gutters-col-lg-2 gutters-col-md-2 gutters-col-0 gutters-col-v-lg-2 gutters-col-v-md-2 gutters-col-v-2\">\n          <!----><\/p>\n<div class=\"h-column h-column-container d-flex h-col-lg-auto h-col-md-auto h-col-auto style-479-outer style-local-665-c29-outer\">\n<div data-colibri-id=\"665-c29\" class=\"d-flex h-flex-basis h-column__inner h-px-lg-2 h-px-md-2 h-px-2 v-inner-lg-2 v-inner-md-2 v-inner-2 style-479 style-local-665-c29 position-relative\">\n              <!----><br \/>\n              <!----><\/p>\n<div class=\"w-100 h-y-container h-column__content h-column__v-align flex-basis-100 align-self-lg-start align-self-md-start align-self-start\">\n                <!----><\/p>\n<div data-colibri-id=\"665-c31\" class=\"h-lead h-text h-text-component style-481 style-local-665-c31 position-relative h-element\">\n                  <!----><br \/>\n                  <!----><\/p>\n<div class=\"\">\n<p>Nous conseillons nos partenaires et clients sur la gestion de leurs actifs. Gr\u00e2ce aux mod\u00e8les financiers que nous avons cr\u00e9\u00e9, nous pouvons estimer la valeur d&rsquo;actif \u00e9olien ou solaire \u00e0 diff\u00e9rents stades (en d\u00e9veloppement ou exploitation).<br \/>\n                      Pour cela, nous utilisons les principaux facteurs suivants, ajout\u00e9 \u00e0 cela, une personnalisation se met en place selon les besoins du client<\/p>\n<\/p><\/div>\n<\/p><\/div>\n<\/p><\/div>\n<\/p><\/div>\n<\/p><\/div>\n<\/p><\/div>\n<\/p><\/div>\n<div data-colibri-id=\"665-c15\" class=\"h-row-container gutters-row-lg-2 gutters-row-md-2 gutters-row-2 gutters-row-v-lg-2 gutters-row-v-md-2 gutters-row-v-2 style-474 style-local-665-c15 position-relative\">\n        <!----><\/p>\n<div class=\"h-row justify-content-lg-center justify-content-md-center justify-content-center align-items-lg-stretch align-items-md-stretch align-items-stretch gutters-col-lg-2 gutters-col-md-2 gutters-col-2 gutters-col-v-lg-2 gutters-col-v-md-2 gutters-col-v-2\">\n          <!----><\/p>\n<div class=\"h-column h-column-container d-flex h-col-lg-3 h-col-md-3 h-col-6 style-475-outer style-local-665-c16-outer\">\n<div data-colibri-id=\"665-c16\" class=\"d-flex h-flex-basis h-column__inner h-px-lg-0 h-px-md-0 h-px-0 v-inner-lg-0 v-inner-md-0 v-inner-2 style-475 style-local-665-c16 position-relative\">\n              <!----><br \/>\n              <!----><\/p>\n<div class=\"w-100 h-y-container h-column__content h-column__v-align flex-basis-100 align-self-lg-start align-self-md-start align-self-start\">\n                <!----><\/p>\n<div data-colibri-id=\"665-c17\" class=\"h-icon style-476 style-local-665-c17 position-relative h-element\">\n                  <!----><span class=\"h-svg-icon h-icon__icon style-476-icon style-local-665-c17-icon\"><!--Icon by Font Awesome (https:\/\/fontawesome.com)--><svg version=\"1.1\" xmlns=\"http:\/\/www.w3.org\/2000\/svg\" xmlns:xlink=\"http:\/\/www.w3.org\/1999\/xlink\" id=\"map-marker\" viewBox=\"0 0 1049.8953 1896.0833\"><path d=\"M768 640q0-106-75-181t-181-75-181 75-75 181 75 181 181 75 181-75 75-181zm256 0q0 109-33 179l-364 774q-16 33-47.5 52t-67.5 19-67.5-19-46.5-52L33 819Q0 749 0 640q0-212 150-362t362-150 362 150 150 362z\"><\/path><\/svg><\/span><\/div>\n<div\n                  data-colibri-id=\"665-c18\" class=\"h-global-transition-all h-heading style-477 style-local-665-c18 position-relative h-element\"><br \/>\n                  <!----><\/p>\n<div class=\"h-heading__outer style-477 style-local-665-c18\">\n                    <!----><br \/>\n                    <!----><\/p>\n<h4 class=\"\">Localisation, potentiel et dimensionnement<\/h4>\n<\/p><\/div>\n<\/p><\/div>\n<\/p><\/div>\n<\/p><\/div>\n<\/p><\/div>\n<div class=\"h-column h-column-container d-flex h-col-lg-3 h-col-md-3 h-col-6 style-475-outer style-local-665-c19-outer\">\n<div data-colibri-id=\"665-c19\" class=\"d-flex h-flex-basis h-column__inner h-px-lg-0 h-px-md-0 h-px-0 v-inner-lg-0 v-inner-md-0 v-inner-2 style-475 style-local-665-c19 position-relative\">\n            <!----><br \/>\n            <!----><\/p>\n<div class=\"w-100 h-y-container h-column__content h-column__v-align flex-basis-100 align-self-lg-start align-self-md-start align-self-start\">\n              <!----><\/p>\n<div data-colibri-id=\"665-c20\" class=\"h-icon style-476 style-local-665-c20 position-relative h-element\">\n                <!----><span class=\"h-svg-icon h-icon__icon style-476-icon style-local-665-c20-icon\"><!--Icon by Font Awesome (https:\/\/fontawesome.com)--><svg version=\"1.1\" xmlns=\"http:\/\/www.w3.org\/2000\/svg\" xmlns:xlink=\"http:\/\/www.w3.org\/1999\/xlink\" id=\"flag\" viewBox=\"0 0 1792 1896.0833\"><path d=\"M320 256q0 72-64 110v1266q0 13-9.5 22.5T224 1664h-64q-13 0-22.5-9.5T128 1632V366q-64-38-64-110 0-53 37.5-90.5T192 128t90.5 37.5T320 256zm1472 64v763q0 25-12.5 38.5T1740 1149q-215 116-369 116-61 0-123.5-22t-108.5-48-115.5-48-142.5-22q-192 0-464 146-17 9-33 9-26 0-45-19t-19-45V474q0-32 31-55 21-14 79-43 236-120 421-120 107 0 200 29t219 88q38 19 88 19 54 0 117.5-21t110-47 88-47 54.5-21q26 0 45 19t19 45z\"><\/path><\/svg><\/span><\/div>\n<div\n                data-colibri-id=\"665-c21\" class=\"h-global-transition-all h-heading style-477 style-local-665-c21 position-relative h-element\"><br \/>\n                <!----><\/p>\n<div class=\"h-heading__outer style-477 style-local-665-c21\">\n                  <!----><br \/>\n                  <!----><\/p>\n<h4 class=\"\">Jalons ou \u00e9tapes de d\u00e9veloppement acquis<\/h4>\n<\/p><\/div>\n<\/p><\/div>\n<\/p><\/div>\n<\/p><\/div>\n<\/p><\/div>\n<div class=\"h-column h-column-container d-flex h-col-lg-3 h-col-md-3 h-col-6 style-475-outer style-local-665-c22-outer\">\n<div data-colibri-id=\"665-c22\" class=\"d-flex h-flex-basis h-column__inner h-px-lg-0 h-px-md-0 h-px-0 v-inner-lg-0 v-inner-md-0 v-inner-2 style-475 style-local-665-c22 position-relative\">\n          <!----><br \/>\n          <!----><\/p>\n<div class=\"w-100 h-y-container h-column__content h-column__v-align flex-basis-100 align-self-lg-start align-self-md-start align-self-start\">\n            <!----><\/p>\n<div data-colibri-id=\"665-c23\" class=\"h-icon style-476 style-local-665-c23 position-relative h-element\">\n              <!----><span class=\"h-svg-icon h-icon__icon style-476-icon style-local-665-c23-icon\"><!--Icon by Font Awesome (https:\/\/fontawesome.com)--><svg version=\"1.1\" xmlns=\"http:\/\/www.w3.org\/2000\/svg\" xmlns:xlink=\"http:\/\/www.w3.org\/1999\/xlink\" id=\"institution\" viewBox=\"0 0 2048 1896.0833\"><path d=\"M960 0l960 384v128h-128q0 26-20.5 45t-48.5 19H197q-28 0-48.5-19T128 512H0V384zM256 640h256v768h128V640h256v768h128V640h256v768h128V640h256v768h59q28 0 48.5 19t20.5 45v64H128v-64q0-26 20.5-45t48.5-19h59V640zm1595 960q28 0 48.5 19t20.5 45v128H0v-128q0-26 20.5-45t48.5-19h1782z\"><\/path><\/svg><\/span><\/div>\n<div\n              data-colibri-id=\"665-c24\" class=\"h-global-transition-all h-heading style-477 style-local-665-c24 position-relative h-element\"><br \/>\n              <!----><\/p>\n<div class=\"h-heading__outer style-477 style-local-665-c24\">\n                <!----><br \/>\n                <!----><\/p>\n<h4 class=\"\">Situation administrative et juridique<\/h4>\n<\/p><\/div>\n<\/p><\/div>\n<\/p><\/div>\n<\/p><\/div>\n<\/p><\/div>\n<div class=\"h-column h-column-container d-flex h-col-lg-3 h-col-md-3 h-col-6 style-475-outer style-local-665-c25-outer\">\n<div data-colibri-id=\"665-c25\" class=\"d-flex h-flex-basis h-column__inner h-px-lg-0 h-px-md-0 h-px-0 v-inner-lg-0 v-inner-md-0 v-inner-2 style-475 style-local-665-c25 position-relative\">\n        <!----><br \/>\n        <!----><\/p>\n<div class=\"w-100 h-y-container h-column__content h-column__v-align flex-basis-100 align-self-lg-start align-self-md-start align-self-start\">\n          <!----><\/p>\n<div data-colibri-id=\"665-c26\" class=\"h-icon style-476 style-local-665-c26 position-relative h-element\">\n            <!----><span class=\"h-svg-icon h-icon__icon style-476-icon style-local-665-c26-icon\"><!--Icon by Font Awesome (https:\/\/fontawesome.com)--><svg version=\"1.1\" xmlns=\"http:\/\/www.w3.org\/2000\/svg\" xmlns:xlink=\"http:\/\/www.w3.org\/1999\/xlink\" id=\"flash\" viewBox=\"0 0 974.0545 1896.0833\"><path d=\"M885 566q18 20 7 44L352 1767q-13 25-42 25-4 0-14-2-17-5-25.5-19t-4.5-30l197-808-406 101q-4 1-12 1-18 0-31-11-18-15-13-39l201-825q4-14 16-23t28-9h328q19 0 32 12.5t13 29.5q0 8-5 18L443 651l396-98q8-2 12-2 19 0 34 15z\"><\/path><\/svg><\/span><\/div>\n<div\n            data-colibri-id=\"665-c27\" class=\"h-global-transition-all h-heading style-477 style-local-665-c27 position-relative h-element\"><br \/>\n            <!----><\/p>\n<div class=\"h-heading__outer style-477 style-local-665-c27\">\n              <!----><br \/>\n              <!----><\/p>\n<h4 class=\"\">Contrat de vente d&rsquo;\u00e9lectricit\u00e9<\/h4>\n<\/p><\/div>\n<\/p><\/div>\n<\/p><\/div>\n<\/p><\/div>\n<\/p><\/div>\n<\/div>\n<\/div>\n<\/div>\n<\/div>\n<div data-colibri-component=\"section\" data-colibri-id=\"665-c44\" id=\"custom\" class=\"h-section h-section-global-spacing d-flex align-items-lg-center align-items-md-center align-items-center style-494 style-local-665-c44 position-relative\">\n  <!----><br \/>\n  <!----><\/p>\n<div class=\"h-section-grid-container h-section-boxed-container\">\n    <!----><\/p>\n<div data-colibri-id=\"665-c45\" class=\"h-row-container gutters-row-lg-2 gutters-row-md-2 gutters-row-0 gutters-row-v-lg-2 gutters-row-v-md-2 gutters-row-v-2 style-495 style-local-665-c45 position-relative\">\n      <!----><\/p>\n<div class=\"h-row justify-content-lg-center justify-content-md-center justify-content-center align-items-lg-stretch align-items-md-stretch align-items-stretch gutters-col-lg-2 gutters-col-md-2 gutters-col-0 gutters-col-v-lg-2 gutters-col-v-md-2 gutters-col-v-2\">\n        <!----><\/p>\n<div class=\"h-column h-column-container d-flex h-col-lg-auto h-col-md-auto h-col-auto style-496-outer style-local-665-c46-outer\">\n<div data-colibri-id=\"665-c46\" class=\"d-flex h-flex-basis h-column__inner h-px-lg-2 h-px-md-2 h-px-2 v-inner-lg-2 v-inner-md-2 v-inner-2 style-496 style-local-665-c46 position-relative\">\n            <!----><br \/>\n            <!----><\/p>\n<div class=\"w-100 h-y-container h-column__content h-column__v-align flex-basis-100 align-self-lg-start align-self-md-start align-self-start\">\n              <!----><\/p>\n<div data-colibri-id=\"665-c47\" class=\"h-text h-text-component style-497 style-local-665-c47 position-relative h-element\">\n                <!----><br \/>\n                <!----><\/p>\n<div class=\"\">\n<p>Pour plus d&rsquo;information<\/p>\n<\/p><\/div>\n<\/p><\/div>\n<\/p><\/div>\n<\/p><\/div>\n<\/p><\/div>\n<\/p><\/div>\n<\/p><\/div>\n<div data-colibri-id=\"665-c48\" class=\"h-row-container gutters-row-lg-2 gutters-row-md-2 gutters-row-0 gutters-row-v-lg-2 gutters-row-v-md-2 gutters-row-v-2 style-498 style-local-665-c48 position-relative\">\n      <!----><\/p>\n<div class=\"h-row justify-content-lg-center justify-content-md-center justify-content-center align-items-lg-stretch align-items-md-stretch align-items-stretch gutters-col-lg-2 gutters-col-md-2 gutters-col-0 gutters-col-v-lg-2 gutters-col-v-md-2 gutters-col-v-2\">\n        <!----><\/p>\n<div class=\"h-column h-column-container d-flex h-col-lg-auto h-col-md-auto h-col-auto style-499-outer style-local-665-c49-outer\">\n<div data-colibri-id=\"665-c49\" class=\"d-flex h-flex-basis h-column__inner h-px-lg-2 h-px-md-2 h-px-2 v-inner-lg-2 v-inner-md-2 v-inner-2 style-499 style-local-665-c49 position-relative\">\n            <!----><br \/>\n            <!----><\/p>\n<div class=\"w-100 h-y-container h-column__content h-column__v-align flex-basis-100 align-self-lg-start align-self-md-start align-self-start\">\n              <!----><\/p>\n<div data-colibri-id=\"665-c50\" class=\"h-x-container style-500 style-local-665-c50 position-relative h-element\">\n                <!----><\/p>\n<div class=\"h-x-container-inner style-dynamic-665-c50-group style-500-spacing style-local-665-c50-spacing\"><span class=\"h-button__outer style-501-outer style-local-665-c51-outer d-inline-flex h-element\"><a h-use-smooth-scroll=\"true\" href=\"http:\/\/agri-developpement.com\/index.php\/nous-contacter\/\"  data-colibri-id=\"665-c51\" class=\"d-flex w-100 align-items-center h-button justify-content-lg-center justify-content-md-center justify-content-center style-501 style-local-665-c51 position-relative\"><!----><!----> <span>CONTACTEZ-NOUS<\/span><\/a><br \/>\n                  <\/span>\n                <\/div>\n<\/p><\/div>\n<\/p><\/div>\n<\/p><\/div>\n<\/p><\/div>\n<\/p><\/div>\n<\/p><\/div>\n<\/p><\/div>\n<\/div>\n<\/div>\n","protected":false},"excerpt":{"rendered":"<p>Gestion &#8211; Transaction d&rsquo;actif Nous conseillons nos partenaires et clients sur la gestion de leurs actifs. Gr\u00e2ce aux mod\u00e8les financiers que nous avons cr\u00e9\u00e9, nous pouvons estimer la valeur d&rsquo;actif \u00e9olien ou solaire \u00e0 diff\u00e9rents stades (en d\u00e9veloppement ou exploitation). Pour cela, nous utilisons les principaux facteurs suivants, ajout\u00e9 \u00e0 cela, une personnalisation se met [&hellip;]<\/p>\n","protected":false},"author":1,"featured_media":0,"parent":646,"menu_order":2,"comment_status":"closed","ping_status":"closed","template":"page-templates\/full-width-page.php","meta":[],"_links":{"self":[{"href":"http:\/\/agri-developpement.com\/index.php\/wp-json\/wp\/v2\/pages\/665"}],"collection":[{"href":"http:\/\/agri-developpement.com\/index.php\/wp-json\/wp\/v2\/pages"}],"about":[{"href":"http:\/\/agri-developpement.com\/index.php\/wp-json\/wp\/v2\/types\/page"}],"author":[{"embeddable":true,"href":"http:\/\/agri-developpement.com\/index.php\/wp-json\/wp\/v2\/users\/1"}],"replies":[{"embeddable":true,"href":"http:\/\/agri-developpement.com\/index.php\/wp-json\/wp\/v2\/comments?post=665"}],"version-history":[{"count":4,"href":"http:\/\/agri-developpement.com\/index.php\/wp-json\/wp\/v2\/pages\/665\/revisions"}],"predecessor-version":[{"id":870,"href":"http:\/\/agri-developpement.com\/index.php\/wp-json\/wp\/v2\/pages\/665\/revisions\/870"}],"up":[{"embeddable":true,"href":"http:\/\/agri-developpement.com\/index.php\/wp-json\/wp\/v2\/pages\/646"}],"wp:attachment":[{"href":"http:\/\/agri-developpement.com\/index.php\/wp-json\/wp\/v2\/media?parent=665"}],"curies":[{"name":"wp","href":"https:\/\/api.w.org\/{rel}","templated":true}]}}